{"id":7,"date":"2024-05-09T08:44:41","date_gmt":"2024-05-09T11:44:41","guid":{"rendered":"https:\/\/www.guarim.com.br\/?page_id=7"},"modified":"2024-07-31T15:07:42","modified_gmt":"2024-07-31T18:07:42","slug":"home","status":"publish","type":"page","link":"https:\/\/www.guarim.com.br\/","title":{"rendered":"Home"},"content":{"rendered":"\n<div class=\"wp-block-cover alignfull is-light\" style=\"min-height:720px;aspect-ratio:unset;\"><span aria-hidden=\"true\" class=\"wp-block-cover__background has-background-dim-100 has-background-dim has-background-gradient\" style=\"background:linear-gradient(35deg,rgb(6,0,151) 0%,rgb(130,4,255) 73%,rgb(193,15,255) 100%)\"><\/span><div class=\"wp-block-cover__inner-container is-layout-flow wp-block-cover-is-layout-flow\">\n<div class=\"inherit-container-width wp-block-group alignwide is-layout-constrained wp-block-group-is-layout-constrained\">\n<div class=\"wp-block-media-text alignwide has-media-on-the-right is-stacked-on-mobile is-vertically-aligned-center\" style=\"grid-template-columns:auto 43%\"><div class=\"wp-block-media-text__content\">\n<h1 class=\"wp-block-heading has-text-align-left has-white-color has-text-color\">Idealize, Aprimore e Desenvolva!<\/h1>\n\n\n\n<p>Atuamos com softwares de diferentes n\u00edveis de complexidade, oferecendo total transpar\u00eancia e acompanhamento, entregas recorrentes com qualidade e foco nos seus neg\u00f3cios.<\/p>\n\n\n\n<div class=\"wp-block-buttons is-layout-flex wp-block-buttons-is-layout-flex\">\n<div class=\"wp-block-button\"><a class=\"wp-block-button__link wp-element-button\" href=\"https:\/\/www.guarim.com.br\/index.php\/contato\/\">SOLICITE OR\u00c7AMENTO<\/a><\/div>\n<\/div>\n<\/div><figure class=\"wp-block-media-text__media\"><img decoding=\"async\" src=\"https:\/\/www.guarim.com.br\/wp-content\/themes\/astra\/inc\/assets\/images\/starter-content\/hero-img.svg\" alt=\"\" class=\"wp-image-118 size-full\"\/><\/figure><\/div>\n<\/div>\n<\/div><\/div>\n\n\n\n<div class=\"wp-block-group alignfull has-ast-global-color-5-background-color has-background is-layout-constrained wp-container-core-group-is-layout-9cedb757 wp-block-group-is-layout-constrained\" style=\"padding-bottom:0px\">\n<p class=\"has-text-align-center\">Transformando softwares em<\/p>\n\n\n\n<p class=\"has-text-align-center has-large-font-size\"><strong>Experi\u00eancias Digitais Customizadas<\/strong><\/p>\n\n\n\n<div class=\"wp-block-columns are-vertically-aligned-top is-layout-flex wp-container-core-columns-is-layout-00723822 wp-block-columns-is-layout-flex\">\n<div class=\"wp-block-column is-vertically-aligned-top is-layout-flow wp-container-core-column-is-layout-6b73ce23 wp-block-column-is-layout-flow\">\n<i class=\"fas fa-desktop fa-2x\"><\/i>\n\n\n\n<h3 class=\"wp-block-heading has-text-align-left has-medium-font-size\">Concep\u00e7\u00e3o Estrat\u00e9gica<\/h3>\n\n\n\n<p class=\"has-text-align-left has-medium-font-size\"><strong>Sintonia entre software, objetivos e mercado<\/strong><\/p>\n\n\n\n<p class=\"has-medium-font-size\">Planejamento com detalhes utilizando Design Thinking para solu\u00e7\u00f5es alinhadas \u00e0s necessidades espec\u00edficas do seu neg\u00f3cio.<\/p>\n<\/div>\n\n\n\n<div class=\"wp-block-column is-vertically-aligned-top is-layout-flow wp-container-core-column-is-layout-6b73ce23 wp-block-column-is-layout-flow\">\n<i class=\"fas fa-heart-circle-check fa-2x\"><\/i>\n\n\n\n<h3 class=\"wp-block-heading has-text-align-left has-medium-font-size\" style=\"margin-top:16px\">Implementa\u00e7\u00e3o Eficiente<\/h3>\n\n\n\n<p class=\"has-text-align-left has-medium-font-size\"><strong>Metodologia \u00e1gil e testes rigorosos<\/strong><\/p>\n\n\n\n<p class=\"has-text-align-left has-medium-font-size\">Tecnologias e processos adequados para entregar solu\u00e7\u00f5es r\u00e1pidas, seguras e de alta qualidade visando escalabilidade e performance.<\/p>\n<\/div>\n\n\n\n<div class=\"wp-block-column is-vertically-aligned-top is-layout-flow wp-container-core-column-is-layout-6b73ce23 wp-block-column-is-layout-flow\">\n<i class=\"fas fa-handshake-angle fa-2x\"><\/i>\n\n\n\n<h3 class=\"wp-block-heading has-text-align-left has-medium-font-size\" style=\"margin-top:16px\">Suporte e Evolu\u00e7\u00e3o<\/h3>\n\n\n\n<p class=\"has-medium-font-size\"><strong>Uma Parceria duradoura de sucesso<\/strong><\/p>\n\n\n\n<p class=\"has-text-align-left has-medium-font-size\">Manuten\u00e7\u00e3o proativa e suporte dedicado, atualiza\u00e7\u00f5es baseadas no feedback dos usu\u00e1rios e planejamento evolutivo estrat\u00e9gico.<\/p>\n<\/div>\n\n\n\n<div class=\"wp-block-column is-vertically-aligned-top is-layout-flow wp-container-core-column-is-layout-6b73ce23 wp-block-column-is-layout-flow\">\n<i class=\"fas fa-bolt fa-2x\"><\/i>\n\n\n\n<h3 class=\"wp-block-heading has-text-align-left has-medium-font-size\" style=\"margin-top:16px\">Dados e Intelig\u00eancia Artificial<\/h3>\n\n\n\n<p class=\"has-text-align-left has-medium-font-size\"><strong>Solu\u00e7\u00f5es avan\u00e7andas transformando dados em insigths<\/strong><\/p>\n\n\n\n<p class=\"has-small-font-size\"><strong>Solu\u00e7\u00e3o em Dados: <\/strong>Potencialize a efici\u00eancia do seu neg\u00f3cio.<\/p>\n\n\n\n<p class=\"has-small-font-size\"><strong>Business Intelligence:<\/strong> Tomada de decis\u00f5es estrat\u00e9gicas.<\/p>\n\n\n\n<p class=\"has-small-font-size\"><strong>Intelig\u00eancia Artificial:<\/strong> Solu\u00e7\u00f5es efetivas com AI para automa\u00e7\u00e3o e personaliza\u00e7\u00e3o.<\/p>\n<\/div>\n<\/div>\n<\/div>\n\n\n\n<div class=\"wp-block-group alignfull is-layout-constrained wp-container-core-group-is-layout-45b0ac4f wp-block-group-is-layout-constrained\" id=\"services\" style=\"padding-top:144px;padding-bottom:0px\">\n<h2 class=\"wp-block-heading\">Nossos Servi\u00e7os<\/h2>\n\n\n\n<div class=\"wp-block-columns is-layout-flex wp-container-core-columns-is-layout-60cbf9bb wp-block-columns-is-layout-flex\" style=\"margin-top:50px\">\n<div class=\"wp-block-column is-layout-flow wp-container-core-column-is-layout-6b73ce23 wp-block-column-is-layout-flow\">\n<figure class=\"wp-block-image size-full\"><img decoding=\"async\" src=\"https:\/\/www.guarim.com.br\/wp-content\/themes\/astra\/inc\/assets\/images\/starter-content\/branding.jpg\" alt=\"\" class=\"wp-image-230\"\/><\/figure>\n\n\n\n<h3 class=\"wp-block-heading\" style=\"margin-top:16px\">Desenvolvimento de Software<\/h3>\n\n\n\n<p class=\"has-small-font-size\">Aplicativos, plataformas e sistemas para acelerar os seus resultados.<\/p>\n\n\n\n<p class=\"has-medium-font-size\"><strong>. Plataforma e SaaS:<br><\/strong>Solu\u00e7\u00f5es escal\u00e1veis e seguras<strong>.<\/strong><\/p>\n\n\n\n<p class=\"has-medium-font-size\"><strong>. Integra\u00e7\u00e3o de Sistemas e APIs:<\/strong>  Facilita a comunica\u00e7\u00e3o entre diferentes softwares.<\/p>\n\n\n\n<p class=\"has-medium-font-size\"><strong>. Entregas focadas na gera\u00e7\u00e3o de valor para o seu neg\u00f3cio.<\/strong><\/p>\n<\/div>\n\n\n\n<div class=\"wp-block-column is-layout-flow wp-container-core-column-is-layout-6b73ce23 wp-block-column-is-layout-flow\">\n<figure class=\"wp-block-image size-full\"><img decoding=\"async\" src=\"https:\/\/www.guarim.com.br\/wp-content\/themes\/astra\/inc\/assets\/images\/starter-content\/graphic.jpg\" alt=\"\" class=\"wp-image-232\"\/><\/figure>\n\n\n\n<h3 class=\"wp-block-heading\" style=\"margin-top:16px\">Manuten\u00e7\u00e3o e Evolu\u00e7\u00e3o Cont\u00ednua<\/h3>\n\n\n\n<p class=\"has-small-font-size\">Suporte constante aprimorado cont\u00ednuo para garantir o sucesso do seu software.<\/p>\n\n\n\n<p class=\"has-medium-font-size\"><strong>. Suporte e Manuten\u00e7\u00e3o Cont\u00ednua: <\/strong>Assist\u00eancia t\u00e9cnica \u00e1gil.<\/p>\n\n\n\n<p class=\"has-medium-font-size\">. <strong>Garantia Qualidade e Testes:<\/strong><br>Assegure confiabilidade e performance.<\/p>\n\n\n\n<p class=\"has-medium-font-size\">. <strong>Atualiza\u00e7\u00e3o e Evolu\u00e7\u00e3o de Software:<\/strong> Melhorias constantes para acompanhar o mercado.<\/p>\n<\/div>\n\n\n\n<div class=\"wp-block-column is-layout-flow wp-container-core-column-is-layout-6b73ce23 wp-block-column-is-layout-flow\">\n<figure class=\"wp-block-image size-full\"><img decoding=\"async\" src=\"https:\/\/www.guarim.com.br\/wp-content\/themes\/astra\/inc\/assets\/images\/starter-content\/web.jpg\" alt=\"\" class=\"wp-image-231\"\/><\/figure>\n\n\n\n<h3 class=\"wp-block-heading\" style=\"margin-top:16px\">Consultoria Tecnol\u00f3gica<\/h3>\n\n\n\n<p class=\"has-small-font-size\">Parceria estrat\u00e9gica para orientar, planejar e otimizar sua jornada digital.<\/p>\n\n\n\n<p class=\"has-medium-font-size\"><strong>.Concep\u00e7\u00e3o e Valida\u00e7\u00e3o: <\/strong>Idea\u00e7\u00e3o, prot\u00f3tipos UX\/UI, MVPs.<\/p>\n\n\n\n<p class=\"has-medium-font-size\"><strong>.Gest\u00e3o \u00c1gil de Projetos: <\/strong>Metodologia \u00e1geis para gerenciamento eficaz.<\/p>\n\n\n\n<p class=\"has-medium-font-size\"><strong>.Devops e Cloud: <\/strong>Melhoria de processos e automa\u00e7\u00e3o CI\/CD, infraestrutura na nuvem.<\/p>\n\n\n\n<p class=\"has-medium-font-size\"><strong>.Arquitetura de Software: <\/strong>Bases s\u00f3lidas para solu\u00e7\u00f5es escal\u00e1veis.<\/p>\n<\/div>\n<\/div>\n<\/div>\n\n\n\n<div class=\"wp-block-group alignfull has-ast-global-color-5-background-color has-background is-layout-constrained wp-container-core-group-is-layout-94d206d0 wp-block-group-is-layout-constrained\" id=\"about\" style=\"padding-top:143px;padding-bottom:144px\">\n<div class=\"wp-block-media-text has-media-on-the-right is-stacked-on-mobile is-vertically-aligned-center\"><div class=\"wp-block-media-text__content\">\n<div class=\"inherit-container-width wp-block-group is-layout-constrained wp-container-core-group-is-layout-47ce07ec wp-block-group-is-layout-constrained\" style=\"padding-right:80px\">\n<h2 class=\"wp-block-heading\" style=\"padding-right:40px\">Ajudamos equipes a construir o neg\u00f3cio dos seus sonhos<\/h2>\n\n\n\n<p class=\"has-small-font-size\">Com capilariza\u00e7\u00e3o em territ\u00f3rio nacional, n\u00e3o importa em que \u00e1rea sua empresa atue ou o porte que ela tenha, n\u00f3s estamos preparados para oferecer o que h\u00e1 de melhor em solu\u00e7\u00f5es tecnol\u00f3gicas.<\/p>\n\n\n\n<p><strong>OBJETIVO<\/strong><br>Manter a qualidade e a entrega dos servi\u00e7os prestados, al\u00e9m de consolidar constantemente novas alian\u00e7as estrat\u00e9gicas.<\/p>\n\n\n\n<p><strong>MISS\u00c3O<\/strong><br>Oferecer ao mercado corporativo solu\u00e7\u00f5es em tecnologia com alto \u00edndice de qualidade, agilidade, satisfa\u00e7\u00e3o e efic\u00e1cia com valores bastante competitivos e arrojados, proporcionando aos clientes confiabilidade e credibilidade aos seus neg\u00f3cios.<\/p>\n\n\n\n<p><strong>VIS\u00c3O<\/strong><br>Ser uma das maiores empresas de refer\u00eancia provedora de Solu\u00e7\u00f5es em Tecnologia da Informa\u00e7\u00e3o, conseq\u00fc\u00eancia da qualidade na entrega dos servi\u00e7os.<\/p>\n\n\n\n<p><strong>VALORES<\/strong><br>\u00c9tica, Transpar\u00eancia, confian\u00e7a e compet\u00eancia.<\/p>\n<\/div>\n<\/div><figure class=\"wp-block-media-text__media\"><img decoding=\"async\" src=\"https:\/\/www.guarim.com.br\/wp-content\/themes\/astra\/inc\/assets\/images\/starter-content\/about-us.jpg\" alt=\"\" class=\"wp-image-237 size-full\"\/><\/figure><\/div>\n<\/div>\n\n\n\n<div class=\"wp-block-group alignfull has-ast-global-color-4-background-color has-background is-layout-constrained wp-container-core-group-is-layout-73c07e67 wp-block-group-is-layout-constrained\" id=\"reviews\">\n<figure class=\"wp-block-image aligncenter size-full\"><img decoding=\"async\" src=\"https:\/\/www.guarim.com.br\/wp-content\/themes\/astra\/inc\/assets\/images\/starter-content\/avatar.png\" alt=\"\" class=\"wp-image-235\"\/><\/figure>\n\n\n\n<p class=\"has-text-align-center\">Porque a GUARIM Consultores?<\/p>\n\n\n\n<figure class=\"wp-block-table is-style-stripes\"><table><tbody><tr><th><\/th><th>Prestadores de Servi\u00e7os<\/th><th>Outras Empresa de Software<\/th><th><font color=\"#00994c\"><strong>GUARIM Consultores<\/strong><\/font><\/th><\/tr><tr><td>.Atua\u00e7\u00e3o como parceiro estrat\u00e9gico tecnol\u00f3gico<\/td><td>Nunca<\/td><td>Raro<\/td><td>Sempre<\/td><\/tr><tr><td>.Personaliza\u00e7\u00e3o, flexibilidade e escalabilidade da solu\u00e7\u00e3o<\/td><td>Raro<\/td><td>\u00c1s vezes<\/td><td>Sempre<\/td><\/tr><tr><td>.Atendimento dedicado e personalizado<\/td><td>\u00c1s vezes<\/td><td>Sempre<\/td><td>Sempre<\/td><\/tr><tr><td>.Suporte cont\u00ednuo e proativo p\u00f3s-implementa\u00e7\u00e3o<\/td><td>Nunca<\/td><td>\u00c1s vezes<\/td><td>Sempre<\/td><\/tr><tr><td>.Especialistas em startups e cria\u00e7\u00e3o de MVP<\/td><td>Nunca<\/td><td>Raro<\/td><td>Sempre<\/td><\/tr><tr><td>.Foco nos resultados do neg\u00f3cio e ROI<\/td><td>Raro<\/td><td>Raro<\/td><td>Sempre<\/td><\/tr><tr><td>.Equipe multidisciplinar de especialistas<\/td><td>Nunca<\/td><td>Sempre<\/td><td>Sempre<\/td><\/tr><tr><td>.Entregas de qualidades recorrentes e quinzenais<\/td><td>Nunca<\/td><td>\u00c1s vezes<\/td><td>Sempre<\/td><\/tr><tr><td>Metodologias \u00e1geis e processos transparentes<\/td><td>\u00c1s vezes<\/td><td>Sempre<\/td><td>Sempre<\/td><\/tr><tr><td>Cumprimento r\u00edgido dos prazos<\/td><td>Raro<\/td><td>\u00c1s vezes<\/td><td>Sempre<\/td><\/tr><\/tbody><\/table><\/figure>\n\n\n\n<p><\/p>\n<\/div>\n\n\n\n<div class=\"wp-block-group alignfull is-layout-constrained wp-container-core-group-is-layout-3fee123f wp-block-group-is-layout-constrained\" id=\"whyus\" style=\"padding-top:144px;padding-bottom:144px\">\n<h2 class=\"wp-block-heading\">Parceiros Tecnol\u00f3gicos<\/h2>\n\n\n\n<p>Conhe\u00e7a quem est\u00e1 conosco na jornada de transforma\u00e7\u00e3o digital de nossos clientes.<\/p>\n\n\n\n<div class=\"wp-block-columns is-layout-flex wp-container-core-columns-is-layout-29aadeec wp-block-columns-is-layout-flex\" style=\"margin-top:60px\">\n<div class=\"wp-block-column is-layout-flow wp-container-core-column-is-layout-6b73ce23 wp-block-column-is-layout-flow\">\n<figure class=\"wp-block-image size-full is-resized\"><img loading=\"lazy\" decoding=\"async\" width=\"257\" height=\"76\" src=\"https:\/\/www.guarim.com.br\/wp-content\/uploads\/2024\/07\/Capturar2.jpg\" alt=\"\" class=\"wp-image-170\" style=\"width:277px;height:auto\"\/><\/figure>\n\n\n\n<h3 class=\"wp-block-heading\" style=\"margin-top:16px\"><\/h3>\n\n\n\n<p>A plataforma de nuvem do Azure consiste em mais de 200 produtos e servi\u00e7os de nuvem projetados para ajudar voc\u00ea a dar vida \u00e0s novas solu\u00e7\u00f5es para resolver os desafios atuais e criar o futuro. Crie, execute e gerencie aplicativos em diversas nuvens, no local e na borda, com as ferramentas e estruturas de sua prefer\u00eancia.<\/p>\n<\/div>\n\n\n\n<div class=\"wp-block-column is-layout-flow wp-container-core-column-is-layout-6b73ce23 wp-block-column-is-layout-flow\">\n<figure class=\"wp-block-image size-full is-resized\"><img loading=\"lazy\" decoding=\"async\" width=\"264\" height=\"136\" src=\"https:\/\/www.guarim.com.br\/wp-content\/uploads\/2024\/07\/Capturar4.jpg\" alt=\"\" class=\"wp-image-172\" style=\"width:173px;height:auto\"\/><\/figure>\n\n\n\n<h3 class=\"wp-block-heading\" style=\"margin-top:16px\"><\/h3>\n\n\n\n<p>A AWS (Amazon Web Services) \u00e9 um servi\u00e7o de computa\u00e7\u00e3o em nuvem desenvolvido pela Amazon. Ela oferece mais de 200 servi\u00e7os completos de data centers por todo o mundo. Com isso, acaba trazendo mais recursos do que outros provedores de nuvem, segundo a pr\u00f3pria empresa.<\/p>\n<\/div>\n\n\n\n<div class=\"wp-block-column is-layout-flow wp-container-core-column-is-layout-6b73ce23 wp-block-column-is-layout-flow\">\n<figure class=\"wp-block-image size-full\"><img loading=\"lazy\" decoding=\"async\" width=\"160\" height=\"90\" src=\"https:\/\/www.guarim.com.br\/wp-content\/uploads\/2024\/07\/Google-Cloud-Logo-700x394-1-1.png\" alt=\"\" class=\"wp-image-213\"\/><\/figure>\n\n\n\n<h3 class=\"wp-block-heading\" style=\"margin-top:16px\"><\/h3>\n\n\n\n<p>O Google Cloud consiste em um conjunto de recursos f\u00edsicos (computadores e unidades de disco r\u00edgido) e recursos virtuais, como m\u00e1quinas virtuais (VMs), localizados nos data centers por todo o mundo.<\/p>\n<\/div>\n<\/div>\n<\/div>\n\n\n\n<div class=\"wp-block-group alignfull has-background is-layout-constrained wp-container-core-group-is-layout-cfcca693 wp-block-group-is-layout-constrained\" id=\"contact\" style=\"background:linear-gradient(35deg,rgb(6,0,151) 0%,rgb(130,4,255) 64%,rgb(193,15,255) 98%);padding-top:104px;padding-bottom:104px\">\n<h3 class=\"wp-block-heading has-text-align-center has-text-color\" style=\"color:#ffffff\">Somos a Guarim Consultores<br>Seu parceiro com expertise tecnol\u00f3gica que entende exatamente sua necessidade e te auxilia nas tomadas de decis\u00f5es.<\/h3>\n\n\n\n<div class=\"wp-block-buttons alignwide is-horizontal is-content-justification-center is-layout-flex wp-container-core-buttons-is-layout-bba8380a wp-block-buttons-is-layout-flex\" style=\"margin-top:50px\">\n<div class=\"wp-block-button\"><a class=\"wp-block-button__link wp-element-button\" href=\"https:\/\/www.guarim.com.br\/index.php\/contato\/\">QUERO UMA SOLU\u00c7\u00c3O EXCLUSIVA<\/a><\/div>\n<\/div>\n\n<\/div>\n","protected":false},"excerpt":{"rendered":"<p>Transformando softwares em Experi\u00eancias Digitais Customizadas Concep\u00e7\u00e3o Estrat\u00e9gica Sintonia entre software, objetivos e mercado Planejamento com detalhes utilizando Design Thinking [&hellip;]<\/p>\n","protected":false},"author":1,"featured_media":0,"parent":0,"menu_order":0,"comment_status":"closed","ping_status":"closed","template":"","meta":{"site-sidebar-layout":"no-sidebar","site-content-layout":"plain-container","ast-site-content-layout":"","site-content-style":"default","site-sidebar-style":"default","ast-global-header-display":"","ast-banner-title-visibility":"","ast-main-header-display":"","ast-hfb-above-header-display":"","ast-hfb-below-header-display":"","ast-hfb-mobile-header-display":"","site-post-title":"disabled","ast-breadcrumbs-content":"","ast-featured-img":"","footer-sml-layout":"","theme-transparent-header-meta":"enabled","adv-header-id-meta":"","stick-header-meta":"","header-above-stick-meta":"","header-main-stick-meta":"","header-below-stick-meta":"","astra-migrate-meta-layouts":"default","ast-page-background-enabled":"default","ast-page-background-meta":{"desktop":{"background-color":"var(--ast-global-color-4)","background-image":"","background-repeat":"repeat","background-position":"center center","background-size":"auto","background-attachment":"scroll","background-type":"","background-media":"","overlay-type":"","overlay-color":"","overlay-opacity":"","overlay-gradient":""},"tablet":{"background-color":"","background-image":"","background-repeat":"repeat","background-position":"center center","background-size":"auto","background-attachment":"scroll","background-type":"","background-media":"","overlay-type":"","overlay-color":"","overlay-opacity":"","overlay-gradient":""},"mobile":{"background-color":"","background-image":"","background-repeat":"repeat","background-position":"center center","background-size":"auto","background-attachment":"scroll","background-type":"","background-media":"","overlay-type":"","overlay-color":"","overlay-opacity":"","overlay-gradient":""}},"ast-content-background-meta":{"desktop":{"background-color":"var(--ast-global-color-5)","background-image":"","background-repeat":"repeat","background-position":"center center","background-size":"auto","background-attachment":"scroll","background-type":"","background-media":"","overlay-type":"","overlay-color":"","overlay-opacity":"","overlay-gradient":""},"tablet":{"background-color":"var(--ast-global-color-5)","background-image":"","background-repeat":"repeat","background-position":"center center","background-size":"auto","background-attachment":"scroll","background-type":"","background-media":"","overlay-type":"","overlay-color":"","overlay-opacity":"","overlay-gradient":""},"mobile":{"background-color":"var(--ast-global-color-5)","background-image":"","background-repeat":"repeat","background-position":"center center","background-size":"auto","background-attachment":"scroll","background-type":"","background-media":"","overlay-type":"","overlay-color":"","overlay-opacity":"","overlay-gradient":""}},"footnotes":""},"class_list":["post-7","page","type-page","status-publish","hentry"],"_links":{"self":[{"href":"https:\/\/www.guarim.com.br\/index.php\/wp-json\/wp\/v2\/pages\/7","targetHints":{"allow":["GET"]}}],"collection":[{"href":"https:\/\/www.guarim.com.br\/index.php\/wp-json\/wp\/v2\/pages"}],"about":[{"href":"https:\/\/www.guarim.com.br\/index.php\/wp-json\/wp\/v2\/types\/page"}],"author":[{"embeddable":true,"href":"https:\/\/www.guarim.com.br\/index.php\/wp-json\/wp\/v2\/users\/1"}],"replies":[{"embeddable":true,"href":"https:\/\/www.guarim.com.br\/index.php\/wp-json\/wp\/v2\/comments?post=7"}],"version-history":[{"count":179,"href":"https:\/\/www.guarim.com.br\/index.php\/wp-json\/wp\/v2\/pages\/7\/revisions"}],"predecessor-version":[{"id":244,"href":"https:\/\/www.guarim.com.br\/index.php\/wp-json\/wp\/v2\/pages\/7\/revisions\/244"}],"wp:attachment":[{"href":"https:\/\/www.guarim.com.br\/index.php\/wp-json\/wp\/v2\/media?parent=7"}],"curies":[{"name":"wp","href":"https:\/\/api.w.org\/{rel}","templated":true}]}}